{"id":1075,"date":"2016-03-28T06:56:39","date_gmt":"2016-03-28T06:56:39","guid":{"rendered":"https:\/\/ucpaz.wpengine.com\/?page_id=1075"},"modified":"2025-03-24T14:49:32","modified_gmt":"2025-03-24T21:49:32","slug":"board-of-directors","status":"publish","type":"page","link":"https:\/\/ucpofcentralaz.org\/es\/board-of-directors\/","title":{"rendered":"JUNTA DIRECTIVA"},"content":{"rendered":"<div class=\"wpb-content-wrapper\"><div class=\"vc_row wpb_row vc_row-fluid vc_custom_1692765157323\"><div class=\"wpb_column vc_column_container vc_col-sm-12\"><div class=\"vc_column-inner\"><div class=\"wpb_wrapper\"><div class=\"qodef-shortcode qodef-m  qodef-section-title qodef-alignment--center\">\n\t\t<h5 class=\"qodef-m-subtitle\" >\n\t\tUCP de Arizona central\t<\/h5>\n\t\t\t<h1 class=\"qodef-m-title\" >\n\t\t\t\t\tJUNTA DIRECTIVA\t\t\t<\/h1>\n\t<\/div>\n\t<div class=\"wpb_text_column wpb_content_element\" >\n\t\t<div class=\"wpb_wrapper\">\n\t\t\t<p style=\"text-align: center;\">La Junta de Directores apoya la Misi\u00f3n de UCP por su tiempo, talento y liderazgo fiscal innovador trabajando en colaboraci\u00f3n con el Equipo Ejecutivo de UCP para maximizar el potencial de ingresos de la organizaci\u00f3n y las relaciones estrat\u00e9gicas con la comunidad.<\/p>\n\n\t\t<\/div>\n\t<\/div>\n<div class=\"vc_empty_space\"   style=\"height: 80px\"><span class=\"vc_empty_space_inner\"><\/span><\/div><div class=\"vc_empty_space\"   style=\"height: 40px\"><span class=\"vc_empty_space_inner\"><\/span><\/div><\/div><\/div><\/div><\/div><div data-vc-full-width=\"true\" data-vc-full-width-init=\"false\" class=\"vc_row wpb_row vc_row-fluid directors-box vc_custom_1459323627599 vc_row-has-fill\"><div class=\"wpb_column vc_column_container vc_col-sm-4\"><div class=\"vc_column-inner\"><div class=\"wpb_wrapper\">\n\t<div  class=\"wpb_single_image wpb_content_element vc_align_center wpb_content_element\">\n\t\t\n\t\t<figure class=\"wpb_wrapper vc_figure\">\n\t\t\t<div class=\"vc_single_image-wrapper vc_box_rounded  vc_box_border_grey\"><img decoding=\"async\" class=\"vc_single_image-img\" src=\"https:\/\/ucpofcentralaz.org\/wp-content\/uploads\/2019\/07\/Son-Yong-Pak-LinkedIn-photo-jpg.webp\" width=\"299\" height=\"299\" alt=\"Son Yong Pak UCP Board of Directors\" title=\"Son Yong Pak UCP Board  Vice Chairman\" loading=\"lazy\" \/><\/div>\n\t\t<\/figure>\n\t<\/div>\n<div id=\"1553881850625-f05fec6e-f863\" class=\"vc_do_toggle vc_toggle vc_toggle_text_only vc_toggle_color_vista_blue  vc_toggle_size_md vc_toggle_active\"><div class=\"vc_toggle_title\"><h4><\/h4><i class=\"vc_toggle_icon\"><\/i><\/div><div class=\"vc_toggle_content\"><h3 style=\"text-align: center;\"><strong>Son Yong Pak, Chair<\/strong><\/h3>\n<p style=\"text-align: center;\">Principal, Mercer Government<br \/>\nHuman Services Consulting<br \/>\nhttp:\/\/www.mercer.com<\/p>\n<\/div><\/div><div class=\"vc_empty_space\"   style=\"height: 10px\"><span class=\"vc_empty_space_inner\"><\/span><\/div><\/div><\/div><\/div><div class=\"wpb_column vc_column_container vc_col-sm-4\"><div class=\"vc_column-inner\"><div class=\"wpb_wrapper\">\n\t<div  class=\"wpb_single_image wpb_content_element vc_align_center wpb_content_element\">\n\t\t\n\t\t<figure class=\"wpb_wrapper vc_figure\">\n\t\t\t<div class=\"vc_single_image-wrapper vc_box_rounded  vc_box_border_grey\"><img decoding=\"async\" class=\"vc_single_image-img\" src=\"https:\/\/ucpofcentralaz.org\/wp-content\/uploads\/Nicole-Anderson-Headshot-2023_294x294.jpg.png\" width=\"294\" height=\"294\" alt=\"Nicole Anderson UCP board of directors\" title=\"Nicole Anderson Headshot 2023_294x294.jpg\" loading=\"lazy\" \/><\/div>\n\t\t<\/figure>\n\t<\/div>\n<div id=\"1530655683087-861c6d63-0ac1\" class=\"vc_do_toggle vc_toggle vc_toggle_text_only vc_toggle_color_vista_blue  vc_toggle_size_md vc_toggle_active vc_custom_1723149230946\"><div class=\"vc_toggle_title\"><h4><\/h4><i class=\"vc_toggle_icon\"><\/i><\/div><div class=\"vc_toggle_content\"><h4 style=\"text-align: center;\"><strong>Nicole Anderson, Vice Chair<\/strong><\/h4>\n<div style=\"text-align: center;\">Executive Director of Branding &amp; Communications<br \/>\nThunderbird School of Global Management at ASU<br \/>\nwww.thunderbird.asu.edu<\/div>\n<\/div><\/div><div class=\"vc_empty_space\"   style=\"height: 10px\"><span class=\"vc_empty_space_inner\"><\/span><\/div><\/div><\/div><\/div><div class=\"wpb_column vc_column_container vc_col-sm-4\"><div class=\"vc_column-inner\"><div class=\"wpb_wrapper\">\n\t<div  class=\"wpb_single_image wpb_content_element vc_align_center wpb_content_element\">\n\t\t\n\t\t<figure class=\"wpb_wrapper vc_figure\">\n\t\t\t<div class=\"vc_single_image-wrapper vc_box_rounded  vc_box_border_grey\"><img decoding=\"async\" class=\"vc_single_image-img\" src=\"https:\/\/ucpofcentralaz.org\/wp-content\/uploads\/2016\/03\/Brett-jpg.webp\" width=\"294\" height=\"294\" alt=\"Brett Heising UCP Chairman\" title=\"Brett Heising UCP Chairman\" loading=\"lazy\" \/><\/div>\n\t\t<\/figure>\n\t<\/div>\n<div id=\"1553881850409-18014cc7-02c3\" class=\"vc_do_toggle vc_toggle vc_toggle_text_only vc_toggle_color_vista_blue  vc_toggle_size_md vc_toggle_active\"><div class=\"vc_toggle_title\"><h4><\/h4><i class=\"vc_toggle_icon\"><\/i><\/div><div class=\"vc_toggle_content\"><h4 style=\"text-align: center;\"><strong>Brett Heising, Past Chair<\/strong><\/h4>\n<div style=\"text-align: center;\">Principal, Brett Heising Consulting<\/div>\n<div style=\"text-align: center;\">\u00a0<a href=\"https:\/\/nam12.safelinks.protection.outlook.com\/?url=http%3A%2F%2Fwww.brettheising.com%2F&amp;data=05%7C02%7CCRidley%40UCPofCentralAZ.org%7C9c1c57f3e95b408add5c08dc58d49dc3%7C8eb5e22348dd4cfcade08478fb909803%7C0%7C0%7C638482917427050803%7CUnknown%7CTWFpbGZsb3d8eyJWIjoiMC4wLjAwMDAiLCJQIjoiV2luMzIiLCJBTiI6Ik1haWwiLCJXVCI6Mn0%3D%7C0%7C%7C%7C&amp;sdata=i6aelWyCvZ7zI3%2FMcbnmVRI14ybDMa2vb0Wr9tFfg3s%3D&amp;reserved=0\" target=\"_blank\" rel=\"noopener noreferrer nofollow\">www.brettheising.com<\/a><\/div>\n<\/div><\/div><div class=\"vc_empty_space\"   style=\"height: 10px\"><span class=\"vc_empty_space_inner\"><\/span><\/div><\/div><\/div><\/div><\/div><div class=\"vc_row-full-width vc_clearfix\"><\/div><div data-vc-full-width=\"true\" data-vc-full-width-init=\"false\" class=\"vc_row wpb_row vc_row-fluid directors-box vc_custom_1722638539424 vc_row-has-fill\"><div class=\"wpb_column vc_column_container vc_col-sm-3\"><div class=\"vc_column-inner\"><div class=\"wpb_wrapper\">\n\t<div  class=\"wpb_single_image wpb_content_element vc_align_center wpb_content_element\">\n\t\t\n\t\t<figure class=\"wpb_wrapper vc_figure\">\n\t\t\t<div class=\"vc_single_image-wrapper vc_box_rounded  vc_box_border_grey\"><img decoding=\"async\" class=\"vc_single_image-img\" src=\"https:\/\/ucpofcentralaz.org\/wp-content\/uploads\/Craig-Woods-DVM-2-jpg-294x294.webp\" width=\"294\" height=\"294\" alt=\"Craig Woods Board of Directors for UCP\" title=\"\" loading=\"lazy\"><\/div>\n\t\t<\/figure>\n\t<\/div>\n<div class=\"vc_empty_space\"   style=\"height: 10px\"><span class=\"vc_empty_space_inner\"><\/span><\/div><div  class=\"vc_do_toggle vc_toggle vc_toggle_text_only vc_toggle_color_vista_blue  vc_toggle_size_md vc_toggle_active\"><div class=\"vc_toggle_title\"><h4><\/h4><i class=\"vc_toggle_icon\"><\/i><\/div><div class=\"vc_toggle_content\"><h4 style=\"text-align: center;\"><strong>Craig Woods, DVM, Secretary<\/strong><\/h4>\n<p style=\"text-align: center;\">Director Research Projects, Infectious Disease, Complex Adaptive Systems<br \/>\nArizona State University<br \/>\nwww.ASU.edu<\/p>\n<\/div><\/div><\/div><\/div><\/div><div class=\"wpb_column vc_column_container vc_col-sm-3\"><div class=\"vc_column-inner\"><div class=\"wpb_wrapper\">\n\t<div  class=\"wpb_single_image wpb_content_element vc_align_center wpb_content_element\">\n\t\t\n\t\t<figure class=\"wpb_wrapper vc_figure\">\n\t\t\t<div class=\"vc_single_image-wrapper vc_box_rounded  vc_box_border_grey\"><img decoding=\"async\" class=\"vc_single_image-img\" src=\"https:\/\/ucpofcentralaz.org\/wp-content\/uploads\/Christopher-Vinyard-2-jpg-294x294.webp\" width=\"294\" height=\"294\" alt=\"Christopher Vinyard Board of Directors for UCP.\" title=\"Christopher Vinyard UCP Board Treasurer\" loading=\"lazy\" \/><\/div>\n\t\t<\/figure>\n\t<\/div>\n<div class=\"vc_empty_space\"   style=\"height: 10px\"><span class=\"vc_empty_space_inner\"><\/span><\/div><div  class=\"vc_do_toggle vc_toggle vc_toggle_text_only vc_toggle_color_vista_blue  vc_toggle_size_md vc_toggle_active\"><div class=\"vc_toggle_title\"><h4><\/h4><i class=\"vc_toggle_icon\"><\/i><\/div><div class=\"vc_toggle_content\"><h4 style=\"text-align: center;\"><strong>Christopher Vinyard, Treasurer<\/strong><\/h4>\n<p style=\"text-align: center;\">Directora de Relaciones Gubernamentales<br \/>\nSalud completa de Arizona<br \/>\nwww.azcompletehealth.com<\/p>\n<\/div><\/div><\/div><\/div><\/div><div class=\"wpb_column vc_column_container vc_col-sm-3\"><div class=\"vc_column-inner\"><div class=\"wpb_wrapper\">\n\t<div  class=\"wpb_single_image wpb_content_element vc_align_center wpb_content_element\">\n\t\t\n\t\t<figure class=\"wpb_wrapper vc_figure\">\n\t\t\t<div class=\"vc_single_image-wrapper vc_box_rounded  vc_box_border_grey\"><img decoding=\"async\" class=\"vc_single_image-img\" src=\"https:\/\/ucpofcentralaz.org\/wp-content\/uploads\/headshot-gruenhagen-1-294x294.jpg\" width=\"294\" height=\"294\" alt=\"UCP board of directors,Dr. Jen Gruenhagen, PT, DPT, PhD\" title=\"UCP board of directors,Dr. Jen Gruenhagen, PT, DPT, PhD\" loading=\"lazy\" \/><\/div>\n\t\t<\/figure>\n\t<\/div>\n<div class=\"vc_empty_space\"   style=\"height: 10px\"><span class=\"vc_empty_space_inner\"><\/span><\/div><div  class=\"vc_do_toggle vc_toggle vc_toggle_text_only vc_toggle_color_vista_blue  vc_toggle_size_md vc_toggle_active\"><div class=\"vc_toggle_title\"><h4><\/h4><i class=\"vc_toggle_icon\"><\/i><\/div><div class=\"vc_toggle_content\"><div style=\"text-align: center;\">\n<h4 data-identifyelement=\"286\"><strong>Dr. Jen Gruenhagen, PT, DPT, PhD\u00a0<\/strong><\/h4>\n<div data-identifyelement=\"286\"><span data-identifyelement=\"287\">Assistant Professor, Department of Physical Therapy<\/span><\/div>\n<div data-identifyelement=\"288\"><span data-identifyelement=\"289\">College of Health Sciences<\/span><\/div>\n<div data-identifyelement=\"290\"><span data-identifyelement=\"291\">Universidad del medio oeste<\/span><\/div>\n<\/div>\n<\/div><\/div><div class=\"vc_empty_space\"   style=\"height: 10px\"><span class=\"vc_empty_space_inner\"><\/span><\/div><\/div><\/div><\/div><div class=\"wpb_column vc_column_container vc_col-sm-3\"><div class=\"vc_column-inner\"><div class=\"wpb_wrapper\">\n\t<div  class=\"wpb_single_image wpb_content_element vc_align_center wpb_content_element\">\n\t\t\n\t\t<figure class=\"wpb_wrapper vc_figure\">\n\t\t\t<div class=\"vc_single_image-wrapper vc_box_rounded  vc_box_border_grey\"><img decoding=\"async\" class=\"vc_single_image-img\" src=\"https:\/\/ucpofcentralaz.org\/wp-content\/uploads\/Liz-Pond-294x294.jpg\" width=\"294\" height=\"294\" alt=\"Liz Pond new member of UCP board of directors.\" title=\"Liz Pond- New UCP Board Member\" loading=\"lazy\" \/><\/div>\n\t\t<\/figure>\n\t<\/div>\n<div class=\"vc_empty_space\"   style=\"height: 10px\"><span class=\"vc_empty_space_inner\"><\/span><\/div><div  class=\"vc_do_toggle vc_toggle vc_toggle_text_only vc_toggle_color_vista_blue  vc_toggle_size_md vc_toggle_active\"><div class=\"vc_toggle_title\"><h4><\/h4><i class=\"vc_toggle_icon\"><\/i><\/div><div class=\"vc_toggle_content\"><div style=\"text-align: center;\">\n<h4 data-identifyelement=\"286\"><strong>Elizabeth Pond, <\/strong><strong>MFT, Board Member<\/strong><\/h4>\n<div data-identifyelement=\"286\"><span data-identifyelement=\"287\">Corporate &amp; Philanthropic Partnerships,<\/span><\/div>\n<div data-identifyelement=\"288\"><span data-identifyelement=\"289\">BA Social Psychology &amp; Urban Planning<\/span><\/div>\n<div data-identifyelement=\"290\"><span data-identifyelement=\"291\">University of California, Los Angeles<\/span><\/div>\n<\/div>\n<\/div><\/div><div class=\"vc_empty_space\"   style=\"height: 10px\"><span class=\"vc_empty_space_inner\"><\/span><\/div><\/div><\/div><\/div><\/div><div class=\"vc_row-full-width vc_clearfix\"><\/div><div data-vc-full-width=\"true\" data-vc-full-width-init=\"false\" class=\"vc_row wpb_row vc_row-fluid directors-box vc_custom_1459323627599 vc_row-has-fill\"><div class=\"wpb_column vc_column_container vc_col-sm-4\"><div class=\"vc_column-inner\"><div class=\"wpb_wrapper\"><\/div><\/div><\/div><div class=\"wpb_column vc_column_container vc_col-sm-4\"><div class=\"vc_column-inner\"><div class=\"wpb_wrapper\"><\/div><\/div><\/div><div class=\"wpb_column vc_column_container vc_col-sm-4\"><div class=\"vc_column-inner\"><div class=\"wpb_wrapper\"><\/div><\/div><\/div><\/div><div class=\"vc_row-full-width vc_clearfix\"><\/div><div data-vc-full-width=\"true\" data-vc-full-width-init=\"false\" class=\"vc_row wpb_row vc_row-fluid directors-box vc_custom_1459323627599 vc_row-has-fill\"><div class=\"wpb_column vc_column_container vc_col-sm-3\"><div class=\"vc_column-inner\"><div class=\"wpb_wrapper\"><\/div><\/div><\/div><div class=\"wpb_column vc_column_container vc_col-sm-3\"><div class=\"vc_column-inner\"><div class=\"wpb_wrapper\"><\/div><\/div><\/div><div class=\"wpb_column vc_column_container vc_col-sm-3\"><div class=\"vc_column-inner\"><div class=\"wpb_wrapper\"><\/div><\/div><\/div><div class=\"wpb_column vc_column_container vc_col-sm-3\"><div class=\"vc_column-inner\"><div class=\"wpb_wrapper\"><\/div><\/div><\/div><\/div><div class=\"vc_row-full-width vc_clearfix\"><\/div>\n<\/div>","protected":false},"excerpt":{"rendered":"UCP of Central Arizona BOARD OF DIRECTORS The Board of Directors supports UCP's Mission by its time, talent and innovative fiscal leadership working collaboratively with UCP's Executive Team to maximize the organization's revenue potential and strategic community relationships. Son Yong Pak, Chair Principal, Mercer Government Human Services Consulting http:\/\/www.mercer.com Nicole Anderson, Vice Chair Executive Director [...]","protected":false},"author":15,"featured_media":0,"parent":0,"menu_order":0,"comment_status":"closed","ping_status":"closed","template":"","meta":{"nf_dc_page":"","footnotes":""},"class_list":["post-1075","page","type-page","status-publish","hentry"],"_links":{"self":[{"href":"https:\/\/ucpofcentralaz.org\/es\/wp-json\/wp\/v2\/pages\/1075","targetHints":{"allow":["GET"]}}],"collection":[{"href":"https:\/\/ucpofcentralaz.org\/es\/wp-json\/wp\/v2\/pages"}],"about":[{"href":"https:\/\/ucpofcentralaz.org\/es\/wp-json\/wp\/v2\/types\/page"}],"author":[{"embeddable":true,"href":"https:\/\/ucpofcentralaz.org\/es\/wp-json\/wp\/v2\/users\/15"}],"replies":[{"embeddable":true,"href":"https:\/\/ucpofcentralaz.org\/es\/wp-json\/wp\/v2\/comments?post=1075"}],"version-history":[{"count":5,"href":"https:\/\/ucpofcentralaz.org\/es\/wp-json\/wp\/v2\/pages\/1075\/revisions"}],"predecessor-version":[{"id":11902,"href":"https:\/\/ucpofcentralaz.org\/es\/wp-json\/wp\/v2\/pages\/1075\/revisions\/11902"}],"wp:attachment":[{"href":"https:\/\/ucpofcentralaz.org\/es\/wp-json\/wp\/v2\/media?parent=1075"}],"curies":[{"name":"wp","href":"https:\/\/api.w.org\/{rel}","templated":true}]}}