{"id":14116,"date":"2026-04-07T11:42:48","date_gmt":"2026-04-07T18:42:48","guid":{"rendered":"https:\/\/ucpofcentralaz.org\/?page_id=14116"},"modified":"2026-04-07T12:03:47","modified_gmt":"2026-04-07T19:03:47","slug":"available-positions","status":"publish","type":"page","link":"https:\/\/ucpofcentralaz.org\/es\/available-positions\/","title":{"rendered":"Puestos disponibles"},"content":{"rendered":"<div class=\"wpb-content-wrapper\"><div class=\"vc_row wpb_row vc_row-fluid vc_custom_1775520238574\"><div class=\"wpb_column vc_column_container vc_col-sm-12\"><div class=\"vc_column-inner\"><div class=\"wpb_wrapper\">\n\t<div  class=\"wpb_single_image wpb_content_element vc_align_center wpb_content_element vc_custom_1775519208002\">\n\t\t\n\t\t<figure class=\"wpb_wrapper vc_figure\">\n\t\t\t<div class=\"vc_single_image-wrapper   vc_box_border_grey\"><img loading=\"lazy\" decoding=\"async\" width=\"2400\" height=\"400\" src=\"https:\/\/ucpofcentralaz.org\/wp-content\/uploads\/Sharepoint-Header-1.webp\" class=\"vc_single_image-img attachment-full\" alt=\"UCP of Central Arizona &quot;Circle of Care&quot; graphic with interconnected icons representing various community care programs and the slogan, &quot;We put Care at the center of Community.\" title=\"UCP of Central Arizona &quot;Circle of Care&quot; graphic with interconnected icons representing various community care programs and the slogan, &quot;We put Care at the center of Community.\" srcset=\"https:\/\/ucpofcentralaz.org\/wp-content\/uploads\/Sharepoint-Header-1.webp 2400w, https:\/\/ucpofcentralaz.org\/wp-content\/uploads\/Sharepoint-Header-1-300x50.webp 300w, https:\/\/ucpofcentralaz.org\/wp-content\/uploads\/Sharepoint-Header-1-1024x171.webp 1024w, https:\/\/ucpofcentralaz.org\/wp-content\/uploads\/Sharepoint-Header-1-768x128.webp 768w, https:\/\/ucpofcentralaz.org\/wp-content\/uploads\/Sharepoint-Header-1-1536x256.webp 1536w, https:\/\/ucpofcentralaz.org\/wp-content\/uploads\/Sharepoint-Header-1-2048x341.webp 2048w, https:\/\/ucpofcentralaz.org\/wp-content\/uploads\/Sharepoint-Header-1-18x3.webp 18w, https:\/\/ucpofcentralaz.org\/wp-content\/uploads\/Sharepoint-Header-1-100x17.webp 100w, https:\/\/ucpofcentralaz.org\/wp-content\/uploads\/Sharepoint-Header-1-600x100.webp 600w\" sizes=\"auto, (max-width: 2400px) 100vw, 2400px\" \/><\/div>\n\t\t<\/figure>\n\t<\/div>\n<section class=\"vc_cta3-container\"><div class=\"vc_general vc_do_cta3 vc_cta3 vc_cta3-style-classic vc_cta3-shape-rounded vc_cta3-align-center vc_cta3-color-classic vc_cta3-icon-size-md vc_cta3-actions-bottom vc_custom_1775587630517\"><div class=\"vc_cta3_content-container\"><div class=\"vc_cta3-content\"><header class=\"vc_cta3-content-header\"><h1 style=\"font-size: 50px;text-align: center\" class=\"vc_custom_heading vc_do_custom_heading\" >Find Your Place at UCP<\/h1><\/header><p>View our available positions and apply to join a team dedicated to empowering individuals and strengthening communities.<\/p>\n<\/div><div class=\"vc_cta3-actions\"><div class=\"vc_btn3-container vc_btn3-center vc_do_btn\" ><a class=\"vc_general vc_btn3 vc_btn3-size-sm vc_btn3-shape-rounded vc_btn3-style-modern vc_btn3-color-warning\" href=\"https:\/\/www.paycomonline.net\/v4\/ats\/web.php\/jobs?clientkey=0B1DBDDB6DA3E6919BC53C93A783EF9B\" title=\"\" target=\"_blank\" rel=\"nofollow noopener\">Comience su b\u00fasqueda<\/a><\/div><\/div><\/div><\/div><\/section><\/div><\/div><\/div><\/div><div class=\"qodef-content-grid\"><div class=\"vc_row wpb_row vc_row-fluid qodef-row-over vc_custom_1587622070453 vc_row-has-fill\"><div class=\"wpb_column vc_column_container vc_col-sm-12\"><div class=\"vc_column-inner\"><div class=\"wpb_wrapper\"><div class=\"vc_empty_space\"   style=\"height: 32px\"><span class=\"vc_empty_space_inner\"><\/span><\/div><div class=\"qodef-shortcode qodef-m  qodef-section-title qodef-alignment--center\">\n\t\t<h5 class=\"qodef-m-subtitle\" >\n\t\tCarreras\t<\/h5>\n\t\t\t<h2 class=\"qodef-m-title\" >\n\t\t\t\t\t\u00bfNecesita ayuda?\t\t\t<\/h2>\n\t<\/div><div class=\"qodef-content-grid\"><div class=\"vc_row wpb_row vc_inner vc_row-fluid ucp-career-contact vc_custom_1775587848134 vc_row-has-fill vc_row-o-content-middle vc_row-flex\"><div class=\"wpb_column vc_column_container vc_col-sm-6\"><div class=\"vc_column-inner vc_custom_1648768969230\"><div class=\"wpb_wrapper\"><div class=\"qodef-shortcode qodef-m careers-contact qodef-icon-with-text qodef-layout--before-title qodef--icon-pack\">\n\t<div class=\"qodef-m-content\">\n\t\t\t<h3 class=\"qodef-m-title\" >\n\t\t\t\t\t<span class=\"qodef-m-title-inner\">\n\t\t\t\t<span class=\"qodef-m-icon-wrapper\">\n\t\t\t\t\t<span class=\"qodef-shortcode qodef-m  qodef-icon-holder qodef-size--default qodef-layout--normal\"  >\t        <span class=\"qodef-icon-font-awesome fa fa-envelope qodef-icon qodef-e\" style=\"\" ><\/span>    <\/span>\t\t\t\t<\/span>\n\t\t\t\t<span class=\"qodef-m-title-text\">\n\t\t\t\t\tCorreo electr\u00f3nico\t\t\t\t<\/span>\n\t\t\t<\/span>\n\t\t\t<\/h3>\n\t\t\t<p class=\"qodef-m-text\" >hr@ucpofcentralaz.org<\/p>\n\t<\/div>\n<\/div><\/div><\/div><\/div><div class=\"wpb_column vc_column_container vc_col-sm-6\"><div class=\"vc_column-inner vc_custom_1648768973048\"><div class=\"wpb_wrapper\"><div class=\"qodef-shortcode qodef-m careers-contact qodef-icon-with-text qodef-layout--before-title qodef--icon-pack\">\n\t<div class=\"qodef-m-content\">\n\t\t\t<h3 class=\"qodef-m-title\" >\n\t\t\t\t\t<span class=\"qodef-m-title-inner\">\n\t\t\t\t<span class=\"qodef-m-icon-wrapper\">\n\t\t\t\t\t<span class=\"qodef-shortcode qodef-m  qodef-icon-holder qodef-size--default qodef-layout--normal\"  >\t        <span class=\"qodef-icon-font-awesome fa fa-phone qodef-icon qodef-e\" style=\"\" ><\/span>    <\/span>\t\t\t\t<\/span>\n\t\t\t\t<span class=\"qodef-m-title-text\">\n\t\t\t\t\tOficina\t\t\t\t<\/span>\n\t\t\t<\/span>\n\t\t\t<\/h3>\n\t\t\t<p class=\"qodef-m-text\" >602-943-5472<\/p>\n\t<\/div>\n<\/div><\/div><\/div><\/div><\/div><\/div><div class=\"qodef-content-grid\"><div class=\"vc_row wpb_row vc_inner vc_row-fluid vc_custom_1570112925022 vc_row-has-fill\"><div class=\"wpb_column vc_column_container vc_col-sm-12\"><div class=\"vc_column-inner vc_custom_1587620256476\"><div class=\"wpb_wrapper\">\n\t<div class=\"wpb_raw_code wpb_raw_html wpb_content_element\" >\n\t\t<div class=\"wpb_wrapper\">\n\t\t\t<div style=\"height: 800px; max-width: calc(100% - 25px); padding-left: 20px; width: 100%; -webkit-overflow-scrolling:touch;\"><iframe src=\"https:\/\/www.paycomonline.net\/v4\/ats\/web.php\/jobs?clientkey=0B1DBDDB6DA3E6919BC53C93A783EF9B\" style=\"width: 100%; height: 100%; border: none;\"><\/iframe><\/div>\n\t\t<\/div>\n\t<\/div>\n<\/div><\/div><\/div><\/div><\/div><div class=\"qodef-shortcode qodef-m  qodef-section-title qodef-alignment--center\">\n\t\t<h5 class=\"qodef-m-subtitle\" >\n\t\tCondonaci\u00f3n de pr\u00e9stamos estudiantiles\t<\/h5>\n\t\t\t<h2 class=\"qodef-m-title\" >\n\t\t\t\t\tOportunidades universitarias\t\t\t<\/h2>\n\t<\/div>\n\t<div class=\"wpb_text_column wpb_content_element\" >\n\t\t<div class=\"wpb_wrapper\">\n\t\t\t<p style=\"text-align: center; max-width: 800px; margin: 0 auto;\"><strong>\u00bfEres un graduado universitario o est\u00e1s muy endeudado por tus pr\u00e9stamos estudiantiles?<br \/>\n<\/strong>Si trabaja para una organizaci\u00f3n sin fines de lucro, puede calificar para que le condonen sus pr\u00e9stamos federales para estudiantes. \u00a1\u00danase a una empresa que puede ayudar a reducir la deuda de su pr\u00e9stamo estudiantil mientras marca una diferencia positiva en la vida de los dem\u00e1s!<\/p>\n<p>&nbsp;<\/p>\n<p style=\"text-align: center; max-width: 800px; margin: 0 auto;\">UCP es un empleador calificado para el Programa Federal de Condonaci\u00f3n de Pr\u00e9stamos por Servicio P\u00fablico.<\/p>\n\n\t\t<\/div>\n\t<\/div>\n<div class=\"qodef-content-grid\"><div class=\"vc_row wpb_row vc_inner vc_row-fluid qodef-section-title qodef-alignment--center vc_custom_1648769889791 vc_row-has-fill\"><div class=\"wpb_column vc_column_container vc_col-sm-12\"><div class=\"vc_column-inner vc_custom_1587620256476\"><div class=\"wpb_wrapper\"><a class=\"qodef-shortcode qodef-m  qodef-button qodef-layout--filled  qodef-html--link\" href=\"https:\/\/studentaid.gov\/manage-loans\/forgiveness-cancellation\/public-service\" target=\"_blank\" rel=\"nofollow noopener\">\n\t<span class=\"qodef-m-text\">Obtenga m\u00e1s informaci\u00f3n sobre la condonaci\u00f3n de deudas<\/span>\n<\/a><\/div><\/div><\/div><\/div><\/div><div class=\"qodef-content-grid\"><div class=\"vc_row wpb_row vc_inner vc_row-fluid vc_custom_1648769950203 vc_row-has-fill\"><div class=\"wpb_column vc_column_container vc_col-sm-12\"><div class=\"vc_column-inner\"><div class=\"wpb_wrapper\"><div class=\"qodef-shortcode qodef-m  qodef-testimonials-list  qodef-grid qodef-swiper-container  qodef-gutter--normal qodef-col-num--1 qodef-item-layout--info-below qodef-responsive--predefined\" data-options=\"{&quot;slidesPerView&quot;:&quot;1&quot;,&quot;spaceBetween&quot;:15,&quot;loop&quot;:true,&quot;autoplay&quot;:true,&quot;speed&quot;:&quot;&quot;,&quot;speedAnimation&quot;:&quot;&quot;}\" data-unique=\"1777112872420950106\" data-outside-navigation=\"yes\">\n\t<div class=\"swiper-wrapper\">\n\t\t<div class=\"qodef-e swiper-slide\">\n\t<div class=\"qodef-e-inner\">\n\t\t\t\t<div class=\"qodef-e-content\">\n\t\t\t\t\t\t\t<p itemprop=\"description\" class=\"qodef-e-text\">\n\t\tMe encanta trabajar en UCP porque a I &amp; #039; se me ha brindado un apoyo y oportunidades incre\u00edbles para crecer no solo como persona sino tambi\u00e9n en mi carrera. Recientemente me gradu\u00e9 con mi BS y la experiencia que me han ofrecido en UCP es algo que me habr\u00eda llevado a\u00f1os ganar. Aprecio a mi jefe y a los ejecutivos. \t<\/p>\n\t\t\t<h6 class=\"qodef-e-author\">\n\t<span class=\"qodef-e-author-name\">\n\t\tSofia C.\t<\/span>\n\t<span class=\"qodef-e-author-job\">\n\t\tRecepci\u00f3n en el centro de UCP\t<\/span>\n<\/h6>\n\t\t<\/div>\n\t<\/div>\n<\/div><div class=\"qodef-e swiper-slide\">\n\t<div class=\"qodef-e-inner\">\n\t\t\t\t<div class=\"qodef-e-content\">\n\t\t\t\t\t\t\t<p itemprop=\"description\" class=\"qodef-e-text\">\n\t\tMe encanta trabajar en UCP debido al \u00e9nfasis en la atenci\u00f3n colaborativa. Desde la gerencia hasta los terapeutas, trabajamos en equipo para satisfacer las necesidades de cada familia y proporcionar el plan de atenci\u00f3n m\u00e1s eficaz e integral para su hijo.\t<\/p>\n\t\t\t<h6 class=\"qodef-e-author\">\n\t<span class=\"qodef-e-author-name\">\n\t\tBrittany D. \t<\/span>\n\t<span class=\"qodef-e-author-job\">\n\t\tFisioterapeuta\t<\/span>\n<\/h6>\n\t\t<\/div>\n\t<\/div>\n<\/div><div class=\"qodef-e swiper-slide\">\n\t<div class=\"qodef-e-inner\">\n\t\t\t\t<div class=\"qodef-e-content\">\n\t\t\t\t\t\t\t<p itemprop=\"description\" class=\"qodef-e-text\">\n\t\tHe trabajado para algunos lugares maravillosos, pero en ning\u00fan lugar como UCP. Trabajar para una organizaci\u00f3n sin fines de lucro es diferente porque usted y #039; est\u00e1n trabajando con un grupo de personas que est\u00e1n aqu\u00ed por m\u00e1s que un sueldo, est\u00e1n aqu\u00ed porque realmente se preocupan y quieren marcar la diferencia en la vida de las personas a las que servimos. \u00a1Amo mi trabajo y amo lo que hacemos! \t<\/p>\n\t\t\t<h6 class=\"qodef-e-author\">\n\t<span class=\"qodef-e-author-name\">\n\t\tKarla V.\t<\/span>\n\t<span class=\"qodef-e-author-job\">\n\t\tM\u00e1rketing\t<\/span>\n<\/h6>\n\t\t<\/div>\n\t<\/div>\n<\/div><div class=\"qodef-e swiper-slide\">\n\t<div class=\"qodef-e-inner\">\n\t\t\t\t<div class=\"qodef-e-content\">\n\t\t\t\t\t\t\t<p itemprop=\"description\" class=\"qodef-e-text\">\n\t\tMe encanta la sensaci\u00f3n de comunidad y apoyo que obtienes como parte de la familia UCP. Tambi\u00e9n me encanta que las familias puedan recibir cuidado infantil y terapia. Es raro que una organizaci\u00f3n ofrezca servicios todo incluido para personas con discapacidades. Somos raros \t<\/p>\n\t\t\t<h6 class=\"qodef-e-author\">\n\t<span class=\"qodef-e-author-name\">\n\t\tKaty M.\t<\/span>\n\t<span class=\"qodef-e-author-job\">\n\t\tCentro de aprendizaje temprano\t<\/span>\n<\/h6>\n\t\t<\/div>\n\t<\/div>\n<\/div><div class=\"qodef-e swiper-slide\">\n\t<div class=\"qodef-e-inner\">\n\t\t\t\t<div class=\"qodef-e-content\">\n\t\t\t\t\t\t\t<p itemprop=\"description\" class=\"qodef-e-text\">\n\t\tLo que m\u00e1s me gusta de trabajar en UCP es ser testigo de las cosas maravillosas que est\u00e1n haciendo nuestros miembros, el progreso que hace un chico de terapia, los eventos de ELC y las exhibiciones de arte de DTA. UCP es el lugar ideal para personas con discapacidades. \t<\/p>\n\t\t\t<h6 class=\"qodef-e-author\">\n\t<span class=\"qodef-e-author-name\">\n\t\tDanielle R.\t<\/span>\n\t<span class=\"qodef-e-author-job\">\n\t\tDepartamento de terapia\t<\/span>\n<\/h6>\n\t\t<\/div>\n\t<\/div>\n<\/div>\t<\/div>\n\t\t\t<div class=\"swiper-pagination\"><\/div>\n\t<\/div>\n<\/div><\/div><\/div><\/div><\/div><\/div><\/div><\/div><\/div><\/div>\n<\/div>","protected":false},"excerpt":{"rendered":"","protected":false},"author":15,"featured_media":0,"parent":0,"menu_order":0,"comment_status":"closed","ping_status":"closed","template":"page-full-width.php","meta":{"nf_dc_page":"","footnotes":""},"class_list":["post-14116","page","type-page","status-publish","hentry"],"_links":{"self":[{"href":"https:\/\/ucpofcentralaz.org\/es\/wp-json\/wp\/v2\/pages\/14116","targetHints":{"allow":["GET"]}}],"collection":[{"href":"https:\/\/ucpofcentralaz.org\/es\/wp-json\/wp\/v2\/pages"}],"about":[{"href":"https:\/\/ucpofcentralaz.org\/es\/wp-json\/wp\/v2\/types\/page"}],"author":[{"embeddable":true,"href":"https:\/\/ucpofcentralaz.org\/es\/wp-json\/wp\/v2\/users\/15"}],"replies":[{"embeddable":true,"href":"https:\/\/ucpofcentralaz.org\/es\/wp-json\/wp\/v2\/comments?post=14116"}],"version-history":[{"count":3,"href":"https:\/\/ucpofcentralaz.org\/es\/wp-json\/wp\/v2\/pages\/14116\/revisions"}],"predecessor-version":[{"id":14121,"href":"https:\/\/ucpofcentralaz.org\/es\/wp-json\/wp\/v2\/pages\/14116\/revisions\/14121"}],"wp:attachment":[{"href":"https:\/\/ucpofcentralaz.org\/es\/wp-json\/wp\/v2\/media?parent=14116"}],"curies":[{"name":"wp","href":"https:\/\/api.w.org\/{rel}","templated":true}]}}