{"id":2201,"date":"2016-07-05T07:08:55","date_gmt":"2016-07-05T14:08:55","guid":{"rendered":"https:\/\/ucpaz.wpengine.com\/?page_id=2201"},"modified":"2016-07-05T07:08:55","modified_gmt":"2016-07-05T14:08:55","slug":"hiring-direct-care-workers","status":"publish","type":"page","link":"https:\/\/ucpofcentralaz.org\/es\/services\/hiring-direct-care-workers\/","title":{"rendered":"NOW HIRING CERTIFIED DIRECT CARE WORKERS"},"content":{"rendered":"<div class=\"wpb-content-wrapper\"><div class=\"vc_row wpb_row vc_row-fluid\"><div class=\"wpb_column vc_column_container vc_col-sm-8\"><div class=\"vc_column-inner\"><div class=\"wpb_wrapper\">\n\t<div class=\"wpb_text_column wpb_content_element\" >\n\t\t<div class=\"wpb_wrapper\">\n\t\t\t<h3>\u00danase AHORA para obtener un bono de inicio de sesi\u00f3n $200 **<\/h3>\n<p>\u00bfTe apasiona ayudar a las personas y trabajar con otros? \u00bfEres una persona dedicada y compasiva que busca hacer una diferencia en la comunidad?<\/p>\n<p>La UCP de Arizona Central est\u00e1 buscando trabajadores certificados de atenci\u00f3n directa para ayudar al Programa de Servicios Basados en el Hogar y la Comunidad a brindar atenci\u00f3n de relevo, asistente o habilitaci\u00f3n de calidad 1: 1 a ni\u00f1os y adultos con discapacidades f\u00edsicas y \/ o de desarrollo.<\/p>\n<p><strong>Buscamos personas comprensivas que puedan realizar tareas tales como:\u00a0<\/strong><\/p>\n<ul>\n<li>Supervisar a los miembros en su entorno familiar<\/li>\n<li>Ayudar a los miembros con capacitaci\u00f3n en habilidades para la vida enfocada en objetivos<\/li>\n<li>Desarrollar relaciones significativas con los miembros<\/li>\n<li>Redirigir comportamientos desafiantes<\/li>\n<li>Limpieza ligera<\/li>\n<li>Cuidado personal<\/li>\n<li>Preparaci\u00f3n y cocci\u00f3n de comidas<\/li>\n<li>Participar en actividades comunitarias<\/li>\n<\/ul>\n<p><strong>Beneficios de trabajar con nuestro equipo:\u00a0<\/strong><\/p>\n<ul>\n<li>\u00a1Programaci\u00f3n flexible que incluye despu\u00e9s de clases, d\u00edas, tardes y fines de semana!<\/li>\n<li>Pago competitivo por hora<\/li>\n<li>Tiempo pagado por enfermedad<\/li>\n<li>Kilometraje pagado<\/li>\n<li>Opciones de planes de jubilaci\u00f3n 401k<\/li>\n<li>Trabajar cerca de casa<\/li>\n<li>Capacitaci\u00f3n gratuita para la certificaci\u00f3n DCW *<\/li>\n<li>Bono de inicio de sesi\u00f3n **<\/li>\n<\/ul>\n<p><strong>* Debe cumplir con los requisitos m\u00ednimos. <\/strong><\/p>\n<p><strong>** Inscr\u00edbase en el bono emitido despu\u00e9s de completar con \u00e9xito TODOS los requisitos de capacitaci\u00f3n en l\u00ednea y 100 horas de trabajo.<\/strong><\/p>\n<p><em>UCP of Central Arizona se compromete a fomentar, cultivar y preservar una cultura de diversidad e inclusi\u00f3n. Nuestro capital humano es el activo m\u00e1s valioso que tenemos. La suma colectiva de las diferencias individuales, experiencias de vida, conocimiento, inventiva, innovaci\u00f3n, autoexpresi\u00f3n, capacidades \u00fanicas y talento que nuestros empleados invierten en su trabajo representa una parte importante no solo de nuestra cultura, sino tambi\u00e9n de nuestra reputaci\u00f3n y los logros de UCP. . UCP of Central Arizona es un empleador que ofrece igualdad de oportunidades.<\/em><\/p>\n\n\t\t<\/div>\n\t<\/div>\n<\/div><\/div><\/div><div class=\"wpb_column vc_column_container vc_col-sm-4\"><div class=\"vc_column-inner\"><div class=\"wpb_wrapper\">\n\t<div  class=\"wpb_single_image wpb_content_element vc_align_left wpb_content_element\">\n\t\t\n\t\t<figure class=\"wpb_wrapper vc_figure\">\n\t\t\t<div class=\"vc_single_image-wrapper   vc_box_border_grey\"><img loading=\"lazy\" decoding=\"async\" width=\"2560\" height=\"1707\" src=\"https:\/\/ucpofcentralaz.org\/wp-content\/uploads\/2019\/06\/AdobeStock_79654917-scaled-jpg.webp\" class=\"vc_single_image-img attachment-full\" alt=\"A man prepares a bowl of fruit at an early learning center.\" title=\"A man prepares a bowl of fruit at an early learning center.\" srcset=\"https:\/\/ucpofcentralaz.org\/wp-content\/uploads\/2019\/06\/AdobeStock_79654917-scaled-jpg.webp 2560w, https:\/\/ucpofcentralaz.org\/wp-content\/uploads\/2019\/06\/AdobeStock_79654917-scaled-600x400.jpg 600w, https:\/\/ucpofcentralaz.org\/wp-content\/uploads\/2019\/06\/AdobeStock_79654917-300x200.jpg 300w, https:\/\/ucpofcentralaz.org\/wp-content\/uploads\/2019\/06\/AdobeStock_79654917-1024x683.jpg 1024w, https:\/\/ucpofcentralaz.org\/wp-content\/uploads\/2019\/06\/AdobeStock_79654917-768x512.jpg 768w, https:\/\/ucpofcentralaz.org\/wp-content\/uploads\/2019\/06\/AdobeStock_79654917-1536x1024.jpg 1536w, https:\/\/ucpofcentralaz.org\/wp-content\/uploads\/2019\/06\/AdobeStock_79654917-2048x1365.jpg 2048w\" sizes=\"auto, (max-width: 2560px) 100vw, 2560px\" \/><\/div>\n\t\t<\/figure>\n\t<\/div>\n\n\t<div class=\"wpb_text_column wpb_content_element\" >\n\t\t<div class=\"wpb_wrapper\">\n\t\t\t<p>El cuidado de un asistente se enfoca en ayudar al miembro con la preparaci\u00f3n de la comida y la limpieza, entre muchas otras tareas diarias.<\/p>\n\n\t\t<\/div>\n\t<\/div>\n\n\t<div  class=\"wpb_single_image wpb_content_element vc_align_left wpb_content_element\">\n\t\t\n\t\t<figure class=\"wpb_wrapper vc_figure\">\n\t\t\t<div class=\"vc_single_image-wrapper   vc_box_border_grey\"><img loading=\"lazy\" decoding=\"async\" width=\"2560\" height=\"1709\" src=\"https:\/\/ucpofcentralaz.org\/wp-content\/uploads\/2019\/06\/AdobeStock_191876838-scaled-jpg.webp\" class=\"vc_single_image-img attachment-full\" alt=\"A man and woman in a wheelchair hugging each other at Cerebral Palsy of Arizona&#039;s early learning center during a pediatric therapy session.\" title=\"A man and woman in a wheelchair hugging each other at Cerebral Palsy of Arizona&#039;s early learning center during a pediatric therapy session.\" srcset=\"https:\/\/ucpofcentralaz.org\/wp-content\/uploads\/2019\/06\/AdobeStock_191876838-scaled-jpg.webp 2560w, https:\/\/ucpofcentralaz.org\/wp-content\/uploads\/2019\/06\/AdobeStock_191876838-scaled-600x401.jpg 600w, https:\/\/ucpofcentralaz.org\/wp-content\/uploads\/2019\/06\/AdobeStock_191876838-300x200.jpg 300w, https:\/\/ucpofcentralaz.org\/wp-content\/uploads\/2019\/06\/AdobeStock_191876838-1024x684.jpg 1024w, https:\/\/ucpofcentralaz.org\/wp-content\/uploads\/2019\/06\/AdobeStock_191876838-768x513.jpg 768w, https:\/\/ucpofcentralaz.org\/wp-content\/uploads\/2019\/06\/AdobeStock_191876838-1536x1026.jpg 1536w, https:\/\/ucpofcentralaz.org\/wp-content\/uploads\/2019\/06\/AdobeStock_191876838-2048x1367.jpg 2048w\" sizes=\"auto, (max-width: 2560px) 100vw, 2560px\" \/><\/div>\n\t\t<\/figure>\n\t<\/div>\n\n\t<div class=\"wpb_text_column wpb_content_element\" >\n\t\t<div class=\"wpb_wrapper\">\n\t\t\t<p>Los servicios de habilitaci\u00f3n son actividades esenciales necesarias para satisfacer las necesidades f\u00edsicas y personales.<\/p>\n\n\t\t<\/div>\n\t<\/div>\n\n\t<div  class=\"wpb_single_image wpb_content_element vc_align_left wpb_content_element\">\n\t\t\n\t\t<figure class=\"wpb_wrapper vc_figure\">\n\t\t\t<div class=\"vc_single_image-wrapper   vc_box_border_grey\"><img loading=\"lazy\" decoding=\"async\" width=\"5760\" height=\"3840\" src=\"https:\/\/ucpofcentralaz.org\/wp-content\/uploads\/2019\/06\/2018annualreportcover_soards.png\" class=\"vc_single_image-img attachment-full\" alt=\"A woman with cerebral palsy of Arizona guiding a boy in a wheelchair at an early learning center.\" title=\"A woman with cerebral palsy of Arizona guiding a boy in a wheelchair at an early learning center.\" srcset=\"https:\/\/ucpofcentralaz.org\/wp-content\/uploads\/2019\/06\/2018annualreportcover_soards.png 5760w, https:\/\/ucpofcentralaz.org\/wp-content\/uploads\/2019\/06\/2018annualreportcover_soards-600x400.png 600w, https:\/\/ucpofcentralaz.org\/wp-content\/uploads\/2019\/06\/2018annualreportcover_soards-300x200.png 300w, https:\/\/ucpofcentralaz.org\/wp-content\/uploads\/2019\/06\/2018annualreportcover_soards-1024x683.png 1024w, https:\/\/ucpofcentralaz.org\/wp-content\/uploads\/2019\/06\/2018annualreportcover_soards-768x512.png 768w, https:\/\/ucpofcentralaz.org\/wp-content\/uploads\/2019\/06\/2018annualreportcover_soards-1536x1024.png 1536w, https:\/\/ucpofcentralaz.org\/wp-content\/uploads\/2019\/06\/2018annualreportcover_soards-2048x1365.png 2048w\" sizes=\"auto, (max-width: 5760px) 100vw, 5760px\" \/><\/div>\n\t\t<\/figure>\n\t<\/div>\n\n\t<div class=\"wpb_text_column wpb_content_element\" >\n\t\t<div class=\"wpb_wrapper\">\n\t\t\t<p>El relevo brinda atenci\u00f3n a corto plazo y les da a los padres \/ tutores un descanso sabiendo que su ser querido est\u00e1 en buenas manos.<\/p>\n\n\t\t<\/div>\n\t<\/div>\n<\/div><\/div><\/div><\/div><div class=\"vc_row wpb_row vc_row-fluid\"><div class=\"wpb_column vc_column_container vc_col-sm-12\"><div class=\"vc_column-inner\"><div class=\"wpb_wrapper\"><\/div><\/div><\/div><\/div><div class=\"vc_row wpb_row vc_row-fluid\"><div class=\"wpb_column vc_column_container vc_col-sm-12\"><div class=\"vc_column-inner\"><div class=\"wpb_wrapper\"><div class=\"vc_btn3-container vc_btn3-center vc_do_btn\" ><a class=\"vc_general vc_btn3 vc_btn3-size-lg vc_btn3-shape-square vc_btn3-style-modern vc_btn3-block vc_btn3-color-green\" href=\"https:\/\/www.paycomonline.net\/v4\/ats\/web.php\/jobs\/ViewJobDetails?job=34376&#038;clientkey=0B1DBDDB6DA3E6919BC53C93A783EF9B\" title=\"\" target=\"_blank\" rel=\"nofollow noopener\">\u00a1APLICA HOY!<\/a><\/div><\/div><\/div><\/div><\/div><div class=\"vc_row wpb_row vc_row-fluid\"><div class=\"wpb_column vc_column_container vc_col-sm-6\"><div class=\"vc_column-inner\"><div class=\"wpb_wrapper\">\n\t<div class=\"wpb_video_widget wpb_content_element vc_clearfix   vc_video-aspect-ratio-169 vc_video-el-width-100 vc_video-align-left\" >\n\t\t<div class=\"wpb_wrapper\">\n\t\t\t\n\t\t\t<div class=\"wpb_video_wrapper\"><iframe loading=\"lazy\" title=\"Servicios basados en el hogar y la comunidad\" width=\"500\" height=\"281\" src=\"https:\/\/www.youtube.com\/embed\/bnyUVyrLyKI?feature=oembed\" frameborder=\"0\" allow=\"accelerometer; autoplay; clipboard-write; encrypted-media; gyroscope; picture-in-picture; web-share\" referrerpolicy=\"strict-origin-when-cross-origin\" allowfullscreen><\/iframe><\/div>\n\t\t<\/div>\n\t<\/div>\n<\/div><\/div><\/div><div class=\"wpb_column vc_column_container vc_col-sm-6\"><div class=\"vc_column-inner\"><div class=\"wpb_wrapper\">\n\t<div class=\"wpb_video_widget wpb_content_element vc_clearfix   vc_video-aspect-ratio-169 vc_video-el-width-100 vc_video-align-left\" >\n\t\t<div class=\"wpb_wrapper\">\n\t\t\t\n\t\t\t<div class=\"wpb_video_wrapper\"><a href=\"https:\/\/www.youtube.com\/watch?time_continue=2&#038;v=YKynl41Op2U\" rel=\"nofollow noopener\" target=\"_blank\">https:\/\/www.youtube.com\/watch?time_continue=2&#038;v=YKynl41Op2U<\/a><\/div>\n\t\t<\/div>\n\t<\/div>\n<\/div><\/div><\/div><\/div><div class=\"vc_row wpb_row vc_row-fluid\"><div class=\"wpb_column vc_column_container vc_col-sm-12\"><div class=\"vc_column-inner\"><div class=\"wpb_wrapper\"><\/div><\/div><\/div><\/div>\n<\/div>","protected":false},"excerpt":{"rendered":"Join NOW for a $200 sign-on bonus** Do you have a passion for helping people and working with others? Are you a dedicated and compassionate person looking to make a difference in the community? UCP of Central Arizona is looking for certified direct care workers to help the Home &amp; Community Based Services Program provide [...]","protected":false},"author":15,"featured_media":0,"parent":299,"menu_order":0,"comment_status":"closed","ping_status":"closed","template":"","meta":{"nf_dc_page":"","footnotes":""},"class_list":["post-2201","page","type-page","status-publish","hentry"],"_links":{"self":[{"href":"https:\/\/ucpofcentralaz.org\/es\/wp-json\/wp\/v2\/pages\/2201","targetHints":{"allow":["GET"]}}],"collection":[{"href":"https:\/\/ucpofcentralaz.org\/es\/wp-json\/wp\/v2\/pages"}],"about":[{"href":"https:\/\/ucpofcentralaz.org\/es\/wp-json\/wp\/v2\/types\/page"}],"author":[{"embeddable":true,"href":"https:\/\/ucpofcentralaz.org\/es\/wp-json\/wp\/v2\/users\/15"}],"replies":[{"embeddable":true,"href":"https:\/\/ucpofcentralaz.org\/es\/wp-json\/wp\/v2\/comments?post=2201"}],"version-history":[{"count":0,"href":"https:\/\/ucpofcentralaz.org\/es\/wp-json\/wp\/v2\/pages\/2201\/revisions"}],"up":[{"embeddable":true,"href":"https:\/\/ucpofcentralaz.org\/es\/wp-json\/wp\/v2\/pages\/299"}],"wp:attachment":[{"href":"https:\/\/ucpofcentralaz.org\/es\/wp-json\/wp\/v2\/media?parent=2201"}],"curies":[{"name":"wp","href":"https:\/\/api.w.org\/{rel}","templated":true}]}}