{"id":296,"date":"2016-02-03T06:05:42","date_gmt":"2016-02-03T06:05:42","guid":{"rendered":"https:\/\/ucpaz.wpengine.com\/?page_id=296"},"modified":"2023-12-15T12:33:09","modified_gmt":"2023-12-15T19:33:09","slug":"hipaa-notice-of-privacy-practices","status":"publish","type":"page","link":"https:\/\/ucpofcentralaz.org\/es\/hipaa-notice-of-privacy-practices\/","title":{"rendered":"AVISO DE HIPAA"},"content":{"rendered":"<div class=\"wpb-content-wrapper\"><div class=\"vc_row wpb_row vc_row-fluid\"><div class=\"wpb_column vc_column_container vc_col-sm-12\"><div class=\"vc_column-inner\"><div class=\"wpb_wrapper\"><a class=\"wpb_button_a\" title=\"NOTIFICACI\u00d3N DE PR\u00c1CTICAS DE PRIVACIDAD DE HIPAA (ESPA\u00d1OL)\" href=\"https:\/\/ucpofcentralaz.org\/es\/about-us\/hipaa-notificacion-de-practicas-de-privacidad\/\"><span class=\"wpb_button  wpb_btn-info wpb_regularsize\">NOTIFICACI\u00d3N DE PR\u00c1CTICAS DE PRIVACIDAD DE HIPAA (ESPA\u00d1OL)<\/span><\/a><\/div><\/div><\/div><\/div><div class=\"vc_row wpb_row vc_row-fluid\"><div class=\"wpb_column vc_column_container vc_col-sm-12\"><div class=\"vc_column-inner\"><div class=\"wpb_wrapper\">\n\t<div class=\"wpb_text_column wpb_content_element\" >\n\t\t<div class=\"wpb_wrapper\">\n\t\t\t<p style=\"text-align: center;\"><strong>Fecha de vigencia de este aviso: 5 de septiembre de 2014<\/strong><\/p>\n<p style=\"text-align: center;\"><strong>ESTE AVISO DESCRIBE C\u00d3MO SE PUEDE UTILIZAR Y DIVULGAR LA INFORMACI\u00d3N M\u00c9DICA SOBRE USTED<\/strong><\/p>\n<p style=\"text-align: center;\"><strong>Y C\u00d3MO PUEDE ACCEDER A ESTA INFORMACI\u00d3N.<\/strong><\/p>\n<p style=\"text-align: center;\"><strong>POR FAVOR REVISE CUIDADOSAMENTE.<\/strong><\/p>\n<p style=\"text-align: center;\">Para m\u00e1s informaci\u00f3n, ver: <a href=\"https:\/\/www.hhs.gov\/hipaa\/for-individuals\/guidance-materials-for-consumers\/index.html\" rel=\"nofollow noopener\" target=\"_blank\">https:\/\/www.hhs.gov\/hipaa\/for-individuals\/guidance-materials-for-consumers\/index.html<\/a><\/p>\n<h3><span style=\"color: #3366ff;\">Tus derechos<\/span><\/h3>\n<p><strong>You have rights when it comes to your health information. These include the right to: <\/strong><\/p>\n<p><strong>Receive an electronic or paper copy of your medical record.<\/strong><\/p>\n<p>To request a copy, contact UCP\u2019s front desk at 602-943-5472 extension 2001 and request the Program Manager. We will provide a copy or summary of your health information within 30 days of the request. A reasonable fee may be charged.<\/p>\n<p><strong>Request corrections to your medical record<\/strong><\/p>\n<p>To request corrections to your health information, UCP\u2019s front desk at 602-943-5472 extension 2001 and request the Program Manager. If your request is denied, you will receive an explanation in writing within 60 days.<\/p>\n<p><strong>Solicitar comunicaciones confidenciales<\/strong><\/p>\n<p>If you would prefer that UCP only contact you in a specific way (for example, a home or office phone) or to send mail to a different address than is on file, contact UCP\u2019s front desk at 602-943-5472 extension 2001 and request the Program Manager. All reasonable requests will be accommodated.<\/p>\n<p><strong>Request that UCP limit data used or shared<\/strong><\/p>\n<p>To request that UCP not use or share health information for treatment, payment, or our operations, UCP\u2019s front desk at 602-943-5472 extension 2001 and request the Program Manager. Please note that UCP is not required to agree, and may deny the request if it would affect your care.<\/p>\n<p>If you pay for a service or health care item out-of-pocket in full, you may request that information not be shared for the purpose of payment or our operations with your health insurer. Unless the law requires otherwise, this request will be accommodated.<\/p>\n<p><strong>Obtain a list of those with whom UCP has shared information<\/strong><\/p>\n<p>You may request a list (accounting) of times UCP has shared your health information for up to six years prior to the request date, who it was shared with, and why. All disclosures except those about treatment, payment, health care operations, and certain other disclosures (such as any you asked us to make) will be included. One accounting a year will be provided free of cost, however additional requests in a 12-month period will result in a reasonable, cost-based fee.<\/p>\n<p><strong>Receive a copy of this Privacy Notice<\/strong><\/p>\n<p>You can ask for a paper copy of this notice at any time, even if you have agreed to receive the notice electronically. A paper copy will be provided promptly.<\/p>\n<p><strong>Designate someone to act for you<\/strong><\/p>\n<p>Si le ha otorgado a alguien un poder notarial m\u00e9dico o si alguien es su tutor legal, esa persona puede ejercer sus derechos y tomar decisiones sobre su informaci\u00f3n de salud.<\/p>\n<p><strong>File a complaint<\/strong><\/p>\n<p>To file a complaint, individuals may contact the Quality Assurance and Compliance Manager at 602-999-9391. \u00a0If further assistance is needed, individuals may contact:<\/p>\n<p>&nbsp;<\/p>\n<p>UCP Privacy Officer<\/p>\n<p>1802 West Parkside Lane<\/p>\n<p>Phoenix, AZ 85027<\/p>\n<p>P: 602-943-5472<\/p>\n<p>&nbsp;<\/p>\n<p>O<\/p>\n<p>&nbsp;<\/p>\n<p>The Arizona Department of Health Services<\/p>\n<p>1501 North 18<sup>th<\/sup>Avenue, Suite 450<\/p>\n<p>Phoenix, AZ 85007<\/p>\n<p>P: 602-364-3030<\/p>\n<p>&nbsp;<\/p>\n<p>You also have the option to file a complaint with the US Department of Health and Human Service Office for Civil Rights by sending a letter to<\/p>\n<p><a href=\"https:\/\/www.hhs.gov\/civil-rights\/filing-a-complaint\/complaint-process\/index.html\" rel=\"nofollow noopener\" target=\"_blank\">https:\/\/www.hhs.gov\/civil-rights\/filing-a-complaint\/complaint-process\/index.html<\/a><\/p>\n<p>&nbsp;<\/p>\n<p>UCP will not retaliate against any complaint filed against the agency.<\/p>\n<p><strong>Tus opciones<\/strong><\/p>\n<p><strong>For certain health information, you can decide what we share.<\/strong><\/p>\n<p>In these cases, you have both the right and choice to tell us whether or not to:<\/p>\n<p>Comparta informaci\u00f3n con su familia, amigos cercanos u otras personas involucradas en su atenci\u00f3n.<\/p>\n<p>Compartir informaci\u00f3n en una situaci\u00f3n de socorro en casos de desastre.<\/p>\n<p>Incluya su informaci\u00f3n en un directorio del hospital<\/p>\n<p>If you are not able to tell us your preference, for example if you are unconscious, we may share your information if we believe it is in your best interest. We may also share your information when needed to lessen a serious and imminent threat to health or safety.<\/p>\n<p>We never share your information unless you give us written permission for the following:<\/p>\n<p>Marketing purposes<\/p>\n<p>Sale of your information, and<\/p>\n<p>Most sharing of psychotherapy notes.<\/p>\n<p>We may contact you for fundraising efforts, but you can tell us not to contact you again.<\/p>\n<p>&nbsp;<\/p>\n<p><strong>Nuestros usos y divulgaciones<\/strong><\/p>\n<p>&nbsp;<\/p>\n<p>We typically use or share your health information in the following ways:<\/p>\n<p>&nbsp;<\/p>\n<p><strong>For your treatment <\/strong>- Podemos usar su informaci\u00f3n de salud y compartirla con otros profesionales que lo est\u00e1n tratando.<\/p>\n<p>&nbsp;<\/p>\n<p><strong>Running our organization<\/strong>\u00a0- Podemos usar y compartir su informaci\u00f3n de salud para llevar a cabo nuestra pr\u00e1ctica, mejorar su atenci\u00f3n y contactarlo cuando sea necesario.<\/p>\n<p><strong><br \/>\nBilling for your services<\/strong>\u00a0\u2014 We can use and share your health information to bill and receive payment from health plans or other entities.<\/p>\n<p><em>Example: We provide information about you to your health insurance plan so it will pay for your services.<\/em><\/p>\n<p><strong><br \/>\nOther Disclosures:<\/strong><\/p>\n<p>We are allowed or required to share your information in other ways \u2013 usually in ways that contribute to the public good, such as public health and research. However, we are required by law to meet many conditions before we can share your information for these purposes.<\/p>\n<p>Para m\u00e1s informaci\u00f3n, ver:\u00a0<a href=\"https:\/\/www.hhs.gov\/sites\/default\/files\/ocr\/privacy\/hipaa\/understanding\/consumers\/consumer_rights.pdf\" rel=\"nofollow noopener\" target=\"_blank\">https:\/\/www.hhs.gov\/sites\/default\/files\/ocr\/privacy\/hipaa\/understanding\/consumers\/consumer_rights.pdf<\/a><\/p>\n<p>Examples of other situations in which we may share your information are:<\/p>\n<p>&nbsp;<\/p>\n<p><strong>Helping with public health and safety issues <\/strong>\u2014 We can share health information about you for certain situations such as:<\/p>\n<p>Prevenir enfermedades<\/p>\n<p>Ayudar con el retiro de productos<\/p>\n<p>Informar reacciones adversas a medicamentos<\/p>\n<p>Informar sospechas de abuso, negligencia o violencia dom\u00e9stica<\/p>\n<p>Prevenir o reducir una amenaza grave para la salud o seguridad de cualquier persona<\/p>\n<p><strong>Research <\/strong>\u2014 We can use or share your information for health research.<\/p>\n<p>&nbsp;<\/p>\n<p><strong>To comply with the law<\/strong>\u00a0\u2014 We will share information about you if state or federal laws require it, including with the Department of Health and Human Services.<br \/>\n<strong>In response to organ and tissue donation requests<\/strong>\u00a0\u2014 We can share health information about you with organ procurement organizations.<br \/>\n<strong>For work with a medical examiner or funeral director<\/strong>\u00a0\u2014 We can share health information with a coroner, medical examiner, or funeral director when an individual dies.<\/p>\n<p><strong><br \/>\nTo address workers\u2019 compensation, law enforcement, and other government requests<\/strong>\u00a0\u2014 We can use or share health information about you:<\/p>\n<p>Para reclamos de indemnizaci\u00f3n laboral<\/p>\n<p>Para fines de aplicaci\u00f3n de la ley o con un oficial de la ley<\/p>\n<p>Con agencias de supervisi\u00f3n de salud para actividades autorizadas por ley<\/p>\n<p>Para funciones especiales del gobierno como servicios militares, de seguridad nacional y de protecci\u00f3n presidencial<\/p>\n<p>&nbsp;<\/p>\n<p><strong>To respond to lawsuits and legal actions<\/strong>\u00a0\u2014 We can share health information about you in response to a court or administrative order, or in response to a subpoena.<\/p>\n<p><strong>Nuestras responsabilidades <\/strong><\/p>\n<p>La ley nos exige mantener la privacidad y seguridad de su informaci\u00f3n de salud protegida.<\/p>\n<p>We will let you know promptly if a breach that may have compromised the privacy or security of your information occurs.<\/p>\n<p>We must follow the duties and privacy practices described in this notice and give you a copy of it. We will not use or share your information other than as described here unless you tell us we can in writing. You may change your mind at any time. Let us know in writing if you change your mind.<\/p>\n<p><strong>Cambios a los T\u00e9rminos de este Aviso<\/strong><\/p>\n<p>Podemos cambiar los t\u00e9rminos de este aviso, y los cambios se aplicar\u00e1n a toda la informaci\u00f3n que tengamos sobre usted. El nuevo aviso estar\u00e1 disponible a pedido, en nuestra oficina y en nuestro sitio web.<\/p>\n\n\t\t<\/div>\n\t<\/div>\n<\/div><\/div><\/div><\/div>\n<\/div>","protected":false},"excerpt":{"rendered":"HIPAA NOTIFICACI\u00d3N DE PR\u00c1CTICAS DE PRIVACIDAD (SPANISH) Effective Date of this Notice: September 5, 2014 THIS NOTICE DESCRIBES HOW MEDICAL INFORMATION ABOUT YOU MAY BE USED AND DISCLOSED AND HOW YOU CAN GET ACCESS TO THIS INFORMATION. PLEASE REVIEW IT CAREFULLY. For more information see: https:\/\/www.hhs.gov\/hipaa\/for-individuals\/guidance-materials-for-consumers\/index.html Your Rights You have rights when it comes to [...]","protected":false},"author":15,"featured_media":0,"parent":0,"menu_order":0,"comment_status":"closed","ping_status":"closed","template":"","meta":{"nf_dc_page":"","footnotes":""},"class_list":["post-296","page","type-page","status-publish","hentry"],"_links":{"self":[{"href":"https:\/\/ucpofcentralaz.org\/es\/wp-json\/wp\/v2\/pages\/296","targetHints":{"allow":["GET"]}}],"collection":[{"href":"https:\/\/ucpofcentralaz.org\/es\/wp-json\/wp\/v2\/pages"}],"about":[{"href":"https:\/\/ucpofcentralaz.org\/es\/wp-json\/wp\/v2\/types\/page"}],"author":[{"embeddable":true,"href":"https:\/\/ucpofcentralaz.org\/es\/wp-json\/wp\/v2\/users\/15"}],"replies":[{"embeddable":true,"href":"https:\/\/ucpofcentralaz.org\/es\/wp-json\/wp\/v2\/comments?post=296"}],"version-history":[{"count":3,"href":"https:\/\/ucpofcentralaz.org\/es\/wp-json\/wp\/v2\/pages\/296\/revisions"}],"predecessor-version":[{"id":11459,"href":"https:\/\/ucpofcentralaz.org\/es\/wp-json\/wp\/v2\/pages\/296\/revisions\/11459"}],"wp:attachment":[{"href":"https:\/\/ucpofcentralaz.org\/es\/wp-json\/wp\/v2\/media?parent=296"}],"curies":[{"name":"wp","href":"https:\/\/api.w.org\/{rel}","templated":true}]}}