{"id":8715,"date":"2021-04-23T08:27:32","date_gmt":"2021-04-23T15:27:32","guid":{"rendered":"https:\/\/ucpofcentralaz.org\/?page_id=8715"},"modified":"2026-03-31T12:33:35","modified_gmt":"2026-03-31T19:33:35","slug":"robot-assisted-gait-training","status":"publish","type":"page","link":"https:\/\/ucpofcentralaz.org\/es\/robot-assisted-gait-training\/","title":{"rendered":"Entrenamiento de marcha asistido por robot"},"content":{"rendered":"<div class=\"wpb-content-wrapper\"><div class=\"qodef-content-grid\"><div class=\"vc_row wpb_row vc_row-fluid vc_custom_1619107279739 vc_row-has-fill\"><div class=\"wpb_column vc_column_container vc_col-sm-12\"><div class=\"vc_column-inner vc_custom_1619106943991\"><div class=\"wpb_wrapper\"><div class=\"vc_empty_space\"   style=\"height: 8em\"><span class=\"vc_empty_space_inner\"><\/span><\/div><\/div><\/div><\/div><\/div><\/div><div class=\"qodef-content-grid\"><div class=\"vc_row wpb_row vc_row-fluid vc_custom_1619111111498 vc_row-has-fill\"><div class=\"wpb_column vc_column_container vc_col-sm-12\"><div class=\"vc_column-inner vc_custom_1619112324773\"><div class=\"wpb_wrapper\"><div class=\"qodef-shortcode qodef-m  qodef-section-title qodef-alignment--center\">\n\t\t\t\t<h1 class=\"qodef-m-title\" >\n\t\t\t\t\tEntrenamiento de marcha asistido por robot\t\t\t<\/h1>\n\t<\/div><div class=\"vc_empty_space\"   style=\"height: 2em\"><span class=\"vc_empty_space_inner\"><\/span><\/div><\/div><\/div><\/div><\/div><\/div><div class=\"qodef-content-grid\"><div class=\"vc_row wpb_row vc_row-fluid vc_custom_1619112498683 vc_row-has-fill\"><div class=\"wpb_column vc_column_container vc_col-sm-6\"><div class=\"vc_column-inner vc_custom_1619112476563\"><div class=\"wpb_wrapper\">\n\t<div  class=\"wpb_single_image wpb_content_element vc_align_center wpb_content_element vc_custom_1656656836550\">\n\t\t\n\t\t<figure class=\"wpb_wrapper vc_figure\">\n\t\t\t<div class=\"vc_single_image-wrapper   vc_box_border_grey\"><img loading=\"lazy\" decoding=\"async\" width=\"600\" height=\"908\" src=\"https:\/\/ucpofcentralaz.org\/wp-content\/uploads\/Olivia_Marching-in-ZeroG_lowres-jpg.webp\" class=\"vc_single_image-img attachment-full\" alt=\"A woman is providing pediatric therapy to a child on a swing in an early learning center.\" title=\"A woman is providing pediatric therapy to a child on a swing in an early learning center.\" srcset=\"https:\/\/ucpofcentralaz.org\/wp-content\/uploads\/Olivia_Marching-in-ZeroG_lowres-jpg.webp 600w, https:\/\/ucpofcentralaz.org\/wp-content\/uploads\/Olivia_Marching-in-ZeroG_lowres-198x300.jpg 198w, https:\/\/ucpofcentralaz.org\/wp-content\/uploads\/Olivia_Marching-in-ZeroG_lowres-8x12.jpg 8w\" sizes=\"auto, (max-width: 600px) 100vw, 600px\" \/><\/div>\n\t\t<\/figure>\n\t<\/div>\n<div class=\"vc_empty_space\"   style=\"height: 1em\"><span class=\"vc_empty_space_inner\"><\/span><\/div><div  class=\"vc_do_toggle vc_toggle vc_toggle_default vc_toggle_color_default  vc_toggle_size_md vc_toggle_active\"><div class=\"vc_toggle_title\"><h4>\u00bfEs el sistema de equilibrio y marcha ZeroG para su hijo?<\/h4><i class=\"vc_toggle_icon\"><\/i><\/div><div class=\"vc_toggle_content\"><ul>\n<li>\u00bfSe ha estancado su hijo en sus habilidades motoras gruesas?<\/li>\n<li>\u00bfSu hijo necesita m\u00e1s oportunidades para desarrollar fuerza y resistencia?<\/li>\n<li>\u00bfTiene su hijo un diagn\u00f3stico que afecta el desarrollo motor grueso?<\/li>\n<li>\u00bfTu hijo tiene m\u00e1s de 12 meses?<\/li>\n<li>\u00bfLas actividades diarias de su hijo est\u00e1n limitadas por su movilidad?<\/li>\n<\/ul>\n<\/div><\/div><div  class=\"vc_do_toggle vc_toggle vc_toggle_default vc_toggle_color_default  vc_toggle_size_md vc_toggle_active\"><div class=\"vc_toggle_title\"><h4>\u00bfQu\u00e9 necesito para programar a mi hijo?<\/h4><i class=\"vc_toggle_icon\"><\/i><\/div><div class=\"vc_toggle_content\"><ul>\n<li>A complete UCP Intake Packet<\/li>\n<li>Referencia de un m\u00e9dico para fisioterapia.<\/li>\n<li>Informes recientes de fisioterapia<\/li>\n<\/ul>\n<\/div><\/div><div class=\"vc_empty_space\"   style=\"height: 1em\"><span class=\"vc_empty_space_inner\"><\/span><\/div><\/div><\/div><\/div><div class=\"wpb_column vc_column_container vc_col-sm-6\"><div class=\"vc_column-inner vc_custom_1619113059209\"><div class=\"wpb_wrapper\">\n\t<div class=\"wpb_text_column wpb_content_element\" >\n\t\t<div class=\"wpb_wrapper\">\n\t\t\t<p><img decoding=\"async\" loading=\"lazy\" class=\"wp-image-9893 alignleft\" src=\"https:\/\/ucpofcentralaz.org\/wp-content\/uploads\/Aretech-Logo-1-300x189.png\" alt=\"\" width=\"221\" height=\"139\" title=\"\" srcset=\"https:\/\/ucpofcentralaz.org\/wp-content\/uploads\/Aretech-Logo-1-300x189.png 300w, https:\/\/ucpofcentralaz.org\/wp-content\/uploads\/Aretech-Logo-1-600x378.png 600w, https:\/\/ucpofcentralaz.org\/wp-content\/uploads\/Aretech-Logo-1-1024x645.png 1024w, https:\/\/ucpofcentralaz.org\/wp-content\/uploads\/Aretech-Logo-1-768x484.png 768w, https:\/\/ucpofcentralaz.org\/wp-content\/uploads\/Aretech-Logo-1-1536x968.png 1536w, https:\/\/ucpofcentralaz.org\/wp-content\/uploads\/Aretech-Logo-1-2048x1290.png 2048w, https:\/\/ucpofcentralaz.org\/wp-content\/uploads\/Aretech-Logo-1-18x12.png 18w\" sizes=\"auto, (max-width: 221px) 100vw, 221px\" \/><\/p>\n<p><a href=\"https:\/\/www.youtube.com\/watch?v=eUuXkU6yCP0\" target=\"_blank\" rel=\"noopener nofollow\">El sistema de equilibrio y marcha Aretech ZeroG\u00ae<\/a> es un sofisticado sistema de soporte de peso corporal que libera parcialmente el peso de los ni\u00f1os en un entorno de &quot;gravedad reducida&quot; mientras practican actividades del mundo real.<\/p>\n<p>El ZeroG\u00ae protege a los ni\u00f1os de las ca\u00eddas al proporcionar un apoyo din\u00e1mico a medida que el ni\u00f1o practica habilidades nuevas o dif\u00edciles. El carro motorizado rastrea autom\u00e1ticamente los movimientos de su hijo con protecci\u00f3n avanzada contra ca\u00eddas, midiendo el movimiento a 1000 veces por segundo. Dado que el robot ZeroG\u00ae est\u00e1 montado en un riel elevado; no hay barreras como un andador entre un ni\u00f1o y el terapeuta mientras se mueven por el gimnasio de la UCP. Con 70 pies de pista en nuestra cl\u00ednica de North Valley, los ni\u00f1os peque\u00f1os pueden trabajar en gatear, trepar o dar los primeros pasos mientras se divierten jugando y explorando. Los ni\u00f1os mayores pueden trabajar para caminar, mantener el equilibrio sobre un pie, ponerse de pie desde que est\u00e1n sentados, subir escaleras, saltar e incluso correr hasta 5 mph.<\/p>\n<p>Debido al apoyo del peso corporal, su hijo podr\u00e1 aprender nuevas habilidades motoras practicando habilidades de forma repetitiva al disminuir la fatiga. La repetici\u00f3n ayuda a su hijo a &quot;hacerlo bien&quot; para realizar tareas motoras de manera constante y eficiente para su uso en la vida cotidiana. Los beneficios del entrenamiento pueden ser una mayor velocidad al caminar, una mayor resistencia, un mejor equilibrio y un desarrollo motor grueso acelerado, por nombrar algunos. El progreso de su hijo se puede capturar y rastrear en cada sesi\u00f3n en una base de datos segura. Esta informaci\u00f3n se puede utilizar para crear los objetivos de la terapia de su hijo.<\/p>\n<p>Con ZeroG\u00ae, su hijo puede sentirse seguro probando habilidades motrices gruesas nuevas y dif\u00edciles en un entorno controlado durante la terapia antes de usar sus nuevas habilidades en la comunidad. \u00bfEst\u00e1 interesado en el entrenamiento de marcha asistido por robot para su hijo? El sistema ZeroG\u00ae Gait &amp; Balance lleg\u00f3 al campus de North Valley Laura Dozer en julio de 2022. Es el \u00fanico sistema pedi\u00e1trico de marcha y equilibrio en el suroeste. Con un arn\u00e9s de gateo, podemos ayudar a los ni\u00f1os desde los 12 meses hasta los 16 a\u00f1os con un arn\u00e9s de tama\u00f1o adulto.<\/p>\n\n\t\t<\/div>\n\t<\/div>\n\n\t<div class=\"wpb_text_column wpb_content_element\" >\n\t\t<div class=\"wpb_wrapper\">\n\t\t\t<h2 data-wp-editing=\"1\">\u260e\ufe0f 602.682.1845<\/h2>\n\n\t\t<\/div>\n\t<\/div>\n<div class=\"vc_empty_space\"   style=\"height: 2em\"><span class=\"vc_empty_space_inner\"><\/span><\/div><a class=\"qodef-shortcode qodef-m  qodef-button qodef-layout--filled  qodef-html--link\" href=\"https:\/\/ucpofcentralaz.org\/es\/services\/therapy-program\/#therapy-contact\" target=\"_self\">\n\t<span class=\"qodef-m-text\">Env\u00ede un mensaje a nuestro equipo de referencia<\/span>\n<\/a><div class=\"vc_empty_space\"   style=\"height: 1em\"><span class=\"vc_empty_space_inner\"><\/span><\/div><a class=\"qodef-shortcode qodef-m  qodef-button qodef-layout--filled  qodef-html--link\" href=\"https:\/\/ucpofcentralaz.org\/es\/services\/paying-for-therapy-services\/\" target=\"_self\" style=\"padding: 1\/1\">\n\t<span class=\"qodef-m-text\">\u00a1Consulte nuestros planes de seguro!<\/span>\n<\/a><div class=\"vc_empty_space\"   style=\"height: 1em\"><span class=\"vc_empty_space_inner\"><\/span><\/div><\/div><\/div><\/div><\/div><\/div><div class=\"qodef-content-grid\"><div class=\"vc_row wpb_row vc_row-fluid vc_custom_1619812190028 vc_row-has-fill\"><div class=\"wpb_column vc_column_container vc_col-sm-12\"><div class=\"vc_column-inner\"><div class=\"wpb_wrapper\">\n\t<div class=\"wpb_video_widget wpb_content_element vc_clearfix   vc_video-aspect-ratio-169 vc_video-el-width-80 vc_video-align-center\" >\n\t\t<div class=\"wpb_wrapper\">\n\t\t\t\n\t\t\t<div class=\"wpb_video_wrapper\"><iframe loading=\"lazy\" title=\"UCP&#039;s Technology Changing Children&#039;s Lives\" width=\"500\" height=\"281\" src=\"https:\/\/www.youtube.com\/embed\/npamh3sPtBs?feature=oembed\" frameborder=\"0\" allow=\"accelerometer; autoplay; clipboard-write; encrypted-media; gyroscope; picture-in-picture; web-share\" referrerpolicy=\"strict-origin-when-cross-origin\" allowfullscreen><\/iframe><\/div>\n\t\t<\/div>\n\t<\/div>\n<\/div><\/div><\/div><div class=\"wpb_column vc_column_container vc_col-sm-12\"><div class=\"vc_column-inner\"><div class=\"wpb_wrapper\">\n\t<div class=\"wpb_text_column wpb_content_element vc_custom_1657145196669\" >\n\t\t<div class=\"wpb_wrapper\">\n\t\t\t<h3 style=\"text-align: center;\">Thank you to our sponsors for bringing the ZeroG\u00ae Gait &amp; Balance System to the children of Arizona!<\/h3>\n\n\t\t<\/div>\n\t<\/div>\n<\/div><\/div><\/div><\/div><\/div><div class=\"qodef-content-grid\"><div class=\"vc_row wpb_row vc_row-fluid vc_custom_1619812190028 vc_row-has-fill\"><div class=\"wpb_column vc_column_container vc_col-sm-4\"><div class=\"vc_column-inner\"><div class=\"wpb_wrapper\">\n\t<div  class=\"wpb_single_image wpb_content_element vc_align_center wpb_content_element\">\n\t\t\n\t\t<figure class=\"wpb_wrapper vc_figure\">\n\t\t\t<div class=\"vc_single_image-wrapper   vc_box_border_grey\"><img loading=\"lazy\" decoding=\"async\" width=\"300\" height=\"257\" src=\"https:\/\/ucpofcentralaz.org\/wp-content\/uploads\/thunderbird-charities-300x257.png\" class=\"vc_single_image-img attachment-medium\" alt=\"Thunderbirds charities logo featuring pediatric therapy.\" title=\"Thunderbirds charities logo featuring pediatric therapy.\" srcset=\"https:\/\/ucpofcentralaz.org\/wp-content\/uploads\/thunderbird-charities-300x257.png 300w, https:\/\/ucpofcentralaz.org\/wp-content\/uploads\/thunderbird-charities-600x514.png 600w, https:\/\/ucpofcentralaz.org\/wp-content\/uploads\/thunderbird-charities-768x658.png 768w, https:\/\/ucpofcentralaz.org\/wp-content\/uploads\/thunderbird-charities-14x12.png 14w, https:\/\/ucpofcentralaz.org\/wp-content\/uploads\/thunderbird-charities.png 825w\" sizes=\"auto, (max-width: 300px) 100vw, 300px\" \/><\/div>\n\t\t<\/figure>\n\t<\/div>\n<div class=\"vc_empty_space\"   style=\"height: 1em\"><span class=\"vc_empty_space_inner\"><\/span><\/div><\/div><\/div><\/div><div class=\"wpb_column vc_column_container vc_col-sm-4\"><div class=\"vc_column-inner\"><div class=\"wpb_wrapper\">\n\t<div  class=\"wpb_single_image wpb_content_element vc_align_center wpb_content_element\">\n\t\t\n\t\t<figure class=\"wpb_wrapper vc_figure\">\n\t\t\t<div class=\"vc_single_image-wrapper   vc_box_border_grey\"><img loading=\"lazy\" decoding=\"async\" width=\"300\" height=\"158\" src=\"https:\/\/ucpofcentralaz.org\/wp-content\/uploads\/Board-of-Visitors-300x158.jpg\" class=\"vc_single_image-img attachment-medium\" alt=\"The logo representing the board of visitors, featuring pediatric therapy.\" title=\"The logo representing the board of visitors, featuring pediatric therapy.\" srcset=\"https:\/\/ucpofcentralaz.org\/wp-content\/uploads\/Board-of-Visitors-300x158.jpg 300w, https:\/\/ucpofcentralaz.org\/wp-content\/uploads\/Board-of-Visitors-jpg-600x317.webp 600w, https:\/\/ucpofcentralaz.org\/wp-content\/uploads\/Board-of-Visitors-1024x540.jpg 1024w, https:\/\/ucpofcentralaz.org\/wp-content\/uploads\/Board-of-Visitors-768x405.jpg 768w, https:\/\/ucpofcentralaz.org\/wp-content\/uploads\/Board-of-Visitors-1536x810.jpg 1536w, https:\/\/ucpofcentralaz.org\/wp-content\/uploads\/Board-of-Visitors-18x9.jpg 18w, https:\/\/ucpofcentralaz.org\/wp-content\/uploads\/Board-of-Visitors-jpg.webp 1630w\" sizes=\"auto, (max-width: 300px) 100vw, 300px\" \/><\/div>\n\t\t<\/figure>\n\t<\/div>\n<div class=\"vc_empty_space\"   style=\"height: 1em\"><span class=\"vc_empty_space_inner\"><\/span><\/div><\/div><\/div><\/div><div class=\"wpb_column vc_column_container vc_col-sm-4\"><div class=\"vc_column-inner\"><div class=\"wpb_wrapper\">\n\t<div  class=\"wpb_single_image wpb_content_element vc_align_center wpb_content_element\">\n\t\t\n\t\t<figure class=\"wpb_wrapper vc_figure\">\n\t\t\t<div class=\"vc_single_image-wrapper   vc_box_border_grey\"><img loading=\"lazy\" decoding=\"async\" width=\"225\" height=\"225\" src=\"https:\/\/ucpofcentralaz.org\/wp-content\/uploads\/dbacks-give-logo.png\" class=\"vc_single_image-img attachment-medium\" alt=\"D backs give back logo promoting home and community based services for adults with cerebral palsy of Arizona.\" title=\"D backs give back logo promoting home and community based services for adults with cerebral palsy of Arizona.\" srcset=\"https:\/\/ucpofcentralaz.org\/wp-content\/uploads\/dbacks-give-logo.png 225w, https:\/\/ucpofcentralaz.org\/wp-content\/uploads\/dbacks-give-logo-100x100.png 100w, https:\/\/ucpofcentralaz.org\/wp-content\/uploads\/dbacks-give-logo-150x150.png 150w, https:\/\/ucpofcentralaz.org\/wp-content\/uploads\/dbacks-give-logo-12x12.png 12w\" sizes=\"auto, (max-width: 225px) 100vw, 225px\" \/><\/div>\n\t\t<\/figure>\n\t<\/div>\n<div class=\"vc_empty_space\"   style=\"height: 1em\"><span class=\"vc_empty_space_inner\"><\/span><\/div><\/div><\/div><\/div><\/div><\/div>\n<\/div>","protected":false},"excerpt":{"rendered":"Robot Assisted Gait Training Is the ZeroG Gait and Balance System for your child? Has your child plateaued in their gross motor skills? Does your child need more opportunity to build strength and endurance? Does your child have a diagnosis that affects gross motor development? Is your child older than 12 months old? Is your [...]","protected":false},"author":15,"featured_media":0,"parent":0,"menu_order":0,"comment_status":"closed","ping_status":"closed","template":"page-full-width.php","meta":{"nf_dc_page":"","footnotes":""},"class_list":["post-8715","page","type-page","status-publish","hentry"],"_links":{"self":[{"href":"https:\/\/ucpofcentralaz.org\/es\/wp-json\/wp\/v2\/pages\/8715","targetHints":{"allow":["GET"]}}],"collection":[{"href":"https:\/\/ucpofcentralaz.org\/es\/wp-json\/wp\/v2\/pages"}],"about":[{"href":"https:\/\/ucpofcentralaz.org\/es\/wp-json\/wp\/v2\/types\/page"}],"author":[{"embeddable":true,"href":"https:\/\/ucpofcentralaz.org\/es\/wp-json\/wp\/v2\/users\/15"}],"replies":[{"embeddable":true,"href":"https:\/\/ucpofcentralaz.org\/es\/wp-json\/wp\/v2\/comments?post=8715"}],"version-history":[{"count":4,"href":"https:\/\/ucpofcentralaz.org\/es\/wp-json\/wp\/v2\/pages\/8715\/revisions"}],"predecessor-version":[{"id":11607,"href":"https:\/\/ucpofcentralaz.org\/es\/wp-json\/wp\/v2\/pages\/8715\/revisions\/11607"}],"wp:attachment":[{"href":"https:\/\/ucpofcentralaz.org\/es\/wp-json\/wp\/v2\/media?parent=8715"}],"curies":[{"name":"wp","href":"https:\/\/api.w.org\/{rel}","templated":true}]}}